{"id":1370,"date":"2021-01-10T17:12:17","date_gmt":"2021-01-10T16:12:17","guid":{"rendered":"https:\/\/beuel-mirecourt.eu\/WP\/?page_id=1370"},"modified":"2021-01-16T15:26:26","modified_gmt":"2021-01-16T14:26:26","slug":"mitgliedschaft","status":"publish","type":"page","link":"https:\/\/beuel-mirecourt.eu\/WP\/vorstand-2\/mitgliedschaft\/","title":{"rendered":"Mitgliedschaft"},"content":{"rendered":"\t\t<div data-elementor-type=\"wp-page\" data-elementor-id=\"1370\" class=\"elementor elementor-1370\" data-elementor-post-type=\"page\">\n\t\t\t\t\t\t<section class=\"elementor-section elementor-top-section elementor-element elementor-element-bde51fe elementor-section-boxed elementor-section-height-default elementor-section-height-default\" data-id=\"bde51fe\" data-element_type=\"section\">\n\t\t\t\t\t\t<div class=\"elementor-container elementor-column-gap-default\">\n\t\t\t\t\t<div class=\"elementor-column elementor-col-100 elementor-top-column elementor-element elementor-element-f5c66f4\" data-id=\"f5c66f4\" data-element_type=\"column\">\n\t\t\t<div class=\"elementor-widget-wrap elementor-element-populated\">\n\t\t\t\t\t\t<div class=\"elementor-element elementor-element-b86c05e elementor-widget elementor-widget-text-editor\" data-id=\"b86c05e\" data-element_type=\"widget\" data-widget_type=\"text-editor.default\">\n\t\t\t\t<div class=\"elementor-widget-container\">\n\t\t\t\t\t\t\t\t\t<p>Wenn Sie sich f\u00fcr die Pflege der St\u00e4dtepartnerschaft interessieren, Freunde aus Mirecourt beherbergen k\u00f6nnen oder gerne gemeinsam mit uns auf Reisen gehen m\u00f6chten, dann sind Sie bei uns genau richtig!<br \/>Wir hoffen, dass wir viele Kinder und Jugendliche auch auf diesem Wege f\u00fcr die St\u00e4dtepartnerschaft gewinnen k\u00f6nnen, damit die Freundschaft zwischen Beuel und Mirecourt lebendig bleibt und weiter gef\u00fchrt wird.<br \/>Wir freuen uns \u00fcber Ihr Interesse an unserer Arbeit und stehen jederzeit f\u00fcr Fragen und Anregungen zur Verf\u00fcgung.<\/p><p>Jahresbeitrag f\u00fcr Einzelpersonen: 20 Euro<br \/>Jahresbeitrag f\u00fcr Familien und Vereine: 30 Euro<\/p><p>Um Mitglied zu werden f\u00fcllen Sie bitte das <a href=\"https:\/\/beuel-mirecourt.eu\/WP\/wp-content\/uploads\/2020\/09\/aufnahmeantrag.pdf\" target=\"_blank\" rel=\"noopener\" data-wplink-edit=\"true\">Antragsformular<\/a> aus und senden es an:<\/p><p>Regina Haunhorst<br \/>Maria-Montessori-Allee 51<br \/>53229 Bonn<\/p><p>Oder unterschrieben per Email an:<\/p><p>komitee@beuel-mirecourt.eu<\/p>\t\t\t\t\t\t\t\t<\/div>\n\t\t\t\t<\/div>\n\t\t\t\t\t<\/div>\n\t\t<\/div>\n\t\t\t\t\t<\/div>\n\t\t<\/section>\n\t\t\t\t<section class=\"elementor-section elementor-top-section elementor-element elementor-element-40b5f1e elementor-section-boxed elementor-section-height-default elementor-section-height-default\" data-id=\"40b5f1e\" data-element_type=\"section\">\n\t\t\t\t\t\t<div class=\"elementor-container elementor-column-gap-default\">\n\t\t\t\t\t<div class=\"elementor-column elementor-col-100 elementor-top-column elementor-element elementor-element-3436e80\" data-id=\"3436e80\" data-element_type=\"column\">\n\t\t\t<div class=\"elementor-widget-wrap elementor-element-populated\">\n\t\t\t\t\t\t<div class=\"elementor-element elementor-element-73425e0 elementor-align-center elementor-widget elementor-widget-button\" data-id=\"73425e0\" data-element_type=\"widget\" data-widget_type=\"button.default\">\n\t\t\t\t<div class=\"elementor-widget-container\">\n\t\t\t\t\t\t\t\t\t<div class=\"elementor-button-wrapper\">\n\t\t\t\t\t<a class=\"elementor-button elementor-button-link elementor-size-xl\" href=\"https:\/\/beuel-mirecourt.eu\/WP\/wp-content\/uploads\/2020\/09\/aufnahmeantrag.pdf\" target=\"_blank\">\n\t\t\t\t\t\t<span class=\"elementor-button-content-wrapper\">\n\t\t\t\t\t\t\t\t\t<span class=\"elementor-button-text\">Antragsformular herunterladen<\/span>\n\t\t\t\t\t<\/span>\n\t\t\t\t\t<\/a>\n\t\t\t\t<\/div>\n\t\t\t\t\t\t\t\t<\/div>\n\t\t\t\t<\/div>\n\t\t\t\t\t<\/div>\n\t\t<\/div>\n\t\t\t\t\t<\/div>\n\t\t<\/section>\n\t\t\t\t<section class=\"elementor-section elementor-top-section elementor-element elementor-element-75c2a3c elementor-section-boxed elementor-section-height-default elementor-section-height-default\" data-id=\"75c2a3c\" data-element_type=\"section\">\n\t\t\t\t\t\t<div class=\"elementor-container elementor-column-gap-default\">\n\t\t\t\t\t<div class=\"elementor-column elementor-col-100 elementor-top-column elementor-element elementor-element-811f7d4\" data-id=\"811f7d4\" data-element_type=\"column\">\n\t\t\t<div class=\"elementor-widget-wrap elementor-element-populated\">\n\t\t\t\t\t\t\t<\/div>\n\t\t<\/div>\n\t\t\t\t\t<\/div>\n\t\t<\/section>\n\t\t\t\t<\/div>\n\t\t","protected":false},"excerpt":{"rendered":"<p>Wenn Sie sich f\u00fcr die Pflege der St\u00e4dtepartnerschaft interessieren, Freunde aus Mirecourt beherbergen k\u00f6nnen oder gerne gemeinsam mit uns auf Reisen gehen m\u00f6chten, dann sind Sie bei uns genau richtig!Wir hoffen, dass wir viele Kinder und Jugendliche auch auf diesem Wege f\u00fcr die St\u00e4dtepartnerschaft gewinnen k\u00f6nnen, damit die Freundschaft zwischen Beuel und Mirecourt lebendig bleibt [&hellip;]<\/p>\n","protected":false},"author":2,"featured_media":0,"parent":90,"menu_order":0,"comment_status":"closed","ping_status":"closed","template":"","meta":{"footnotes":""},"class_list":["post-1370","page","type-page","status-publish","hentry"],"_links":{"self":[{"href":"https:\/\/beuel-mirecourt.eu\/WP\/wp-json\/wp\/v2\/pages\/1370","targetHints":{"allow":["GET"]}}],"collection":[{"href":"https:\/\/beuel-mirecourt.eu\/WP\/wp-json\/wp\/v2\/pages"}],"about":[{"href":"https:\/\/beuel-mirecourt.eu\/WP\/wp-json\/wp\/v2\/types\/page"}],"author":[{"embeddable":true,"href":"https:\/\/beuel-mirecourt.eu\/WP\/wp-json\/wp\/v2\/users\/2"}],"replies":[{"embeddable":true,"href":"https:\/\/beuel-mirecourt.eu\/WP\/wp-json\/wp\/v2\/comments?post=1370"}],"version-history":[{"count":34,"href":"https:\/\/beuel-mirecourt.eu\/WP\/wp-json\/wp\/v2\/pages\/1370\/revisions"}],"predecessor-version":[{"id":1908,"href":"https:\/\/beuel-mirecourt.eu\/WP\/wp-json\/wp\/v2\/pages\/1370\/revisions\/1908"}],"up":[{"embeddable":true,"href":"https:\/\/beuel-mirecourt.eu\/WP\/wp-json\/wp\/v2\/pages\/90"}],"wp:attachment":[{"href":"https:\/\/beuel-mirecourt.eu\/WP\/wp-json\/wp\/v2\/media?parent=1370"}],"curies":[{"name":"wp","href":"https:\/\/api.w.org\/{rel}","templated":true}]}}