{"id":1610,"date":"2021-01-13T20:52:02","date_gmt":"2021-01-13T19:52:02","guid":{"rendered":"https:\/\/beuel-mirecourt.eu\/WP\/?page_id=1610"},"modified":"2021-01-16T15:27:13","modified_gmt":"2021-01-16T14:27:13","slug":"donnees-personelles","status":"publish","type":"page","link":"https:\/\/beuel-mirecourt.eu\/WP\/fr\/donnees-personelles\/","title":{"rendered":"Donn\u00e9es personnelles"},"content":{"rendered":"\t\t<div data-elementor-type=\"wp-page\" data-elementor-id=\"1610\" class=\"elementor elementor-1610\" data-elementor-post-type=\"page\">\n\t\t\t\t\t\t<section class=\"elementor-section elementor-top-section elementor-element elementor-element-4db2cf8b elementor-section-boxed elementor-section-height-default elementor-section-height-default\" data-id=\"4db2cf8b\" data-element_type=\"section\">\n\t\t\t\t\t\t<div class=\"elementor-container elementor-column-gap-default\">\n\t\t\t\t\t<div class=\"elementor-column elementor-col-100 elementor-top-column elementor-element elementor-element-3fe1eeec\" data-id=\"3fe1eeec\" data-element_type=\"column\">\n\t\t\t<div class=\"elementor-widget-wrap elementor-element-populated\">\n\t\t\t\t\t\t<div class=\"elementor-element elementor-element-4eb7b14 elementor-widget elementor-widget-text-editor\" data-id=\"4eb7b14\" data-element_type=\"widget\" data-widget_type=\"text-editor.default\">\n\t\t\t\t<div class=\"elementor-widget-container\">\n\t\t\t\t\t\t\t\t\t<p>Wir nehmen den Schutz Ihrer personenbezogenen Daten sehr ernst und verarbeiten die Daten, die beim Besuch unserer Webseiten erhoben werden, unter Beachtung der geltenden datenschutzrechtlichen Bestimmungen. Ihre Daten werden von uns weder ver\u00f6ffentlicht, noch unberechtigt an Dritte weitergegeben. Im Folgenden erl\u00e4utern wir, welche Daten wir w\u00e4hrend Ihres Besuches auf unseren Webseiten erfassen, wie genau diese verwendet werden und an wen Sie sich f\u00fcr R\u00fcckfragen wenden k\u00f6nnen.<\/p><h2>Kontaktdaten der f\u00fcr die Verarbeitung verantwortlichen Person<\/h2><p>Verantwortlich: Regina Haunhorst, Thomas Fricke, Ingrid Lenze<br \/>Email: komitee@beuel-mirecourt.eu<\/p><h2>Datenerhebung und Datenanalyse<\/h2><p>Der Provider der Seiten speichert automatisch Informationen in so genannten Server-Log-Files, die Ihr Browser automatisch an uns \u00fcbermittelt. Dies sind:<\/p><ul><li>Name der abgerufenen Webseite<\/li><li>Datum und Uhrzeit des Abrufs und \u00fcbertragene Datenmenge<\/li><li>Browser- oder Clienttyp mit Versionskennung<\/li><li>das verwendete Betriebssystem des Nutzers<\/li><li>Referrer URL (die zuvor besuchte Seite)<\/li><li>IP-Adresse und der anfragende Provider<\/li><li>Statuscodes und ggfs. der verwendete Nutzername<\/li><\/ul><p>Diese Daten k\u00f6nnen nicht bestimmten Personen zugeordnet werden und werden nicht mit anderen Datenquellen zusammengef\u00fchrt. Die Daten werden nicht zu kommerziellen Zwecken genutzt. Sie dienen lediglich dem Zweck,<\/p><ul><li>einen reibungslosen Verbindungsaufbau der Webseite zu gew\u00e4hrleisten,<\/li><li>eine komfortable Nutzung der Webseite zu erm\u00f6glichen,<\/li><li>Systemsicherheit und -stabilit\u00e4t zu gew\u00e4hrleisten.<\/li><\/ul><p>Die Serverlogfiles werden aus Sicherheitsgr\u00fcnden (z.B. zur Aufkl\u00e4rung von Missbrauchs- oder Betrugshandlungen) f\u00fcr die Dauer von sieben Tagen gespeichert und danach gel\u00f6scht. Daten, deren weitere Aufbewahrung zu Beweiszwecken erforderlich ist, sind bis zur endg\u00fcltigen Kl\u00e4rung des jeweiligen Vorfalls von der L\u00f6schung ausgenommen. Die oben geschilderte Datenverarbeitung geschieht auf Grundlage des Art. 6 Abs. 1 Satz 1 Buchst. f DSGVO. Unser berechtigtes Interesse ergibt sich aus den oben angef\u00fchrten Zwecken zur Datenerhebung.<\/p><h2>Personenbezogene Daten<\/h2><p>Die Nutzung unserer Webseite ist in der Regel ohne Angabe personenbezogener Daten (beispielsweise Name, Anschrift oder E-Mail-Adresse) m\u00f6glich. Soweit diese doch erhoben werden, erfolgt dies nach Art. 6 Abs. 1 Satz 1 Buchst. a DSGVO ausschlie\u00dflich auf freiwilliger Basis und mit Ihrer Einwilligung. Diese Daten werden ohne Ihre ausdr\u00fcckliche Zustimmung nicht an Dritte weitergegeben und nur f\u00fcr die Zwecke, f\u00fcr die Sie sie uns mitgeteilt haben. Die \u00dcbermittlung an auskunftsberechtigte staatliche Institutionen und Beh\u00f6rden erfolgt nur im Rahmen der gesetzlichen Auskunftspflichten oder wenn wir durch eine gerichtliche Entscheidung zur Auskunft verpflichtet werden. Die Daten werden gel\u00f6scht, sobald sie f\u00fcr den Zweck ihrer Verarbeitung nicht mehr erforderlich sind und soweit dem keine gesetzliche Aufbewahrungspflicht entgegensteht.<\/p><h2>Cookies<\/h2><p>Internetseiten verwenden teilweise so genannte Cookies. Dies sind kleine Textdateien, die auf Ihrem Rechner abgelegt werden und die Ihr Browser speichert. Sie richten auf Ihrem Rechner keinen Schaden an und enthalten keine Viren. Sie dienen dazu, unser Angebot nutzerfreundlicher, effektiver und sicherer zu machen. Alle von uns verwendeten Cookies sind so genannte &#8222;Session-Cookies&#8220;. Sie werden nach Ende Ihres Besuchs automatisch gel\u00f6scht und dienen nur dazu, die von Ihnen get\u00e4tigten Seitenaufrufe Ihrer Sitzung zuordnen zu k\u00f6nnen.<\/p><h2>Ihre Rechte<\/h2><p>Sie k\u00f6nnen: gem\u00e4\u00df Art. 15 DSGVO Auskunft \u00fcber Ihre von uns verarbeiteten personenbezogenen Daten verlangen. Insbesondere \u00fcber die Verarbeitungszwecke, die Kategorie der personenbezogenen Daten, die Kategorien von Empf\u00e4ngern, gegen\u00fcber denen Ihre Daten offengelegt wurden oder werden, die geplante Speicherdauer, die Herkunft ihrer Daten, sofern diese nicht bei uns erhoben wurden, sowie \u00fcber das Bestehen einer automatisierten Entscheidungsfindung einschlie\u00dflich Profiling und ggf. aussagekr\u00e4ftigen Informationen zu deren Einzelheiten; gem\u00e4\u00df Art. 16 DSGVO unverz\u00fcglich die Berichtigung unrichtiger oder Vervollst\u00e4ndigung Ihrer bei uns gespeicherten personenbezogenen Daten verlangen; gem\u00e4\u00df Art. 17 DSGVO die L\u00f6schung Ihrer bei uns gespeicherten personenbezogenen Daten verlangen, soweit nicht die Verarbeitung zur Aus\u00fcbung des Rechts auf freie Meinungs\u00e4u\u00dferung und Information, zur Erf\u00fcllung einer rechtlichen Verpflichtung, aus Gr\u00fcnden des \u00f6ffentlichen Interesses oder zur Geltendmachung, Aus\u00fcbung oder Verteidigung von Rechtsanspr\u00fcchen erforderlich ist; gem\u00e4\u00df Art. 18 DSGVO die Einschr\u00e4nkung der Verarbeitung Ihrer personenbezogenen Daten verlangen, soweit die Richtigkeit der Daten von Ihnen bestritten wird, die Verarbeitung unrechtm\u00e4\u00dfig ist, Sie aber deren L\u00f6schung ablehnen und wir die Daten nicht mehr ben\u00f6tigen, Sie jedoch diese zur Geltendmachung, Aus\u00fcbung oder Verteidigung von Rechtsanspr\u00fcchen ben\u00f6tigen oder Sie gem\u00e4\u00df Art. 21 DSGVO Widerspruch gegen die Verarbeitung eingelegt haben; gem\u00e4\u00df Art. 20 DSGVO Ihre personenbezogenen Daten, die Sie uns bereitgestellt haben, in einem strukturierten, g\u00e4ngigen und maschinenlesebaren Format erhalten oder die \u00dcbermittlung an einen anderen Verantwortlichen verlangen; gem\u00e4\u00df Art. 7 Abs. 3 DSGVO Ihre einmal erteilte Einwilligung jederzeit gegen\u00fcber uns widerrufen. Dies hat zur Folge, dass wir die Datenverarbeitung, die auf dieser Einwilligung beruhte, f\u00fcr die Zukunft nicht mehr fortf\u00fchren d\u00fcrfen und gem\u00e4\u00df Art. 77 DSGVO sich bei einer Aufsichtsbeh\u00f6rde beschweren. In der Regel k\u00f6nnen Sie sich hierf\u00fcr an die Aufsichtsbeh\u00f6rde Ihres \u00fcblichen Aufenthaltsortes oder Arbeitsplatzes oder unseres Sitzes wenden.<\/p><h2>Widerspruchsrecht<\/h2><p>Sofern Ihre personenbezogenen Daten auf Grundlage von berechtigten Interessen gem\u00e4\u00df Art. 6 Abs. 1 Satz 1 Buchst. f DSGVO verarbeitet werden, haben Sie das Recht, gem\u00e4\u00df Art. 21 DSGVO Widerspruch gegen die Verarbeitung Ihrer personenbezogenen Daten einzulegen, soweit daf\u00fcr Gr\u00fcnde vorliegen, die sich aus Ihrer besonderen Situation ergeben oder sich der Widerspruch gegen Direktwerbung richtet. Im letzteren Fall haben Sie ein generelles Widerspruchsrecht, das ohne Angabe einer besonderen Situation von uns umgesetzt wird. M\u00f6chten Sie von Ihrem Widerrufs- oder Widerspruchsrecht Gebrauch machen, gen\u00fcgt eine E-Mail an admin@beuel-partnerschaft.de.<\/p><h2>Datensicherheit<\/h2><p>Wir nutzen geeignete technische und organisatorische Sicherheitsma\u00dfnahmen, um Ihre Daten gegen zuf\u00e4llige oder vors\u00e4tzliche Manipulationen, teilweisen oder vollst\u00e4ndigen Verlust, Zerst\u00f6rung oder gegen den unbefugten Zugriff Dritter zu sch\u00fctzen. Unsere Sicherheitsma\u00dfnahmen werden entsprechend der technologischen Entwicklung fortlaufend verbessert.<\/p><h2>\u00c4nderung dieser Datenschutzerkl\u00e4rung<\/h2><p>Aus gesetzlichen und\/oder organisatorischen Gr\u00fcnden werden von Zeit zu Zeit \u00c4nderungen bzw. Anpassungen unserer Datenschutzerkl\u00e4rung erforderlich sein. Bitte beachten Sie die jeweils aktuelle Version unserer Datenschutzerkl\u00e4rung.<\/p><h2>Externe Links<\/h2><p>Wir bieten auf unserer Homepage Links zu anderen Seiten im Internet an. F\u00fcr alle diese Links gilt: &#8222;Das Partnerschaftskomitee e.V. als Herausgeber betont ausdr\u00fccklich, dass es keinerlei Einfluss auf die Gestaltung und die Inhalte der gelinkten Seiten hat. Deshalb distanzieren wir uns hiermit ausdr\u00fccklich von allen Inhalten aller gelinkten Seiten auf der gesamten Homepage inklusive aller Unterseiten. Diese Erkl\u00e4rung gilt f\u00fcr alle auf den Webseiten angebrachten Links und f\u00fcr alle Inhalte der Seiten, zu denen Links oder Banner f\u00fchren.&#8220;<\/p>\t\t\t\t\t\t\t\t<\/div>\n\t\t\t\t<\/div>\n\t\t\t\t\t<\/div>\n\t\t<\/div>\n\t\t\t\t\t<\/div>\n\t\t<\/section>\n\t\t\t\t<\/div>\n\t\t","protected":false},"excerpt":{"rendered":"<p>Wir nehmen den Schutz Ihrer personenbezogenen Daten sehr ernst und verarbeiten die Daten, die beim Besuch unserer Webseiten erhoben werden, unter Beachtung der geltenden datenschutzrechtlichen Bestimmungen. Ihre Daten werden von uns weder ver\u00f6ffentlicht, noch unberechtigt an Dritte weitergegeben. Im Folgenden erl\u00e4utern wir, welche Daten wir w\u00e4hrend Ihres Besuches auf unseren Webseiten erfassen, wie genau diese [&hellip;]<\/p>\n","protected":false},"author":2,"featured_media":0,"parent":0,"menu_order":0,"comment_status":"closed","ping_status":"closed","template":"","meta":{"footnotes":""},"class_list":["post-1610","page","type-page","status-publish","hentry"],"_links":{"self":[{"href":"https:\/\/beuel-mirecourt.eu\/WP\/wp-json\/wp\/v2\/pages\/1610","targetHints":{"allow":["GET"]}}],"collection":[{"href":"https:\/\/beuel-mirecourt.eu\/WP\/wp-json\/wp\/v2\/pages"}],"about":[{"href":"https:\/\/beuel-mirecourt.eu\/WP\/wp-json\/wp\/v2\/types\/page"}],"author":[{"embeddable":true,"href":"https:\/\/beuel-mirecourt.eu\/WP\/wp-json\/wp\/v2\/users\/2"}],"replies":[{"embeddable":true,"href":"https:\/\/beuel-mirecourt.eu\/WP\/wp-json\/wp\/v2\/comments?post=1610"}],"version-history":[{"count":11,"href":"https:\/\/beuel-mirecourt.eu\/WP\/wp-json\/wp\/v2\/pages\/1610\/revisions"}],"predecessor-version":[{"id":1920,"href":"https:\/\/beuel-mirecourt.eu\/WP\/wp-json\/wp\/v2\/pages\/1610\/revisions\/1920"}],"wp:attachment":[{"href":"https:\/\/beuel-mirecourt.eu\/WP\/wp-json\/wp\/v2\/media?parent=1610"}],"curies":[{"name":"wp","href":"https:\/\/api.w.org\/{rel}","templated":true}]}}