{"id":254,"date":"2020-08-19T13:56:50","date_gmt":"2020-08-19T11:56:50","guid":{"rendered":"https:\/\/beuel-mirecourt.eu\/WP\/?page_id=254"},"modified":"2021-01-16T15:27:10","modified_gmt":"2021-01-16T14:27:10","slug":"impressum","status":"publish","type":"page","link":"https:\/\/beuel-mirecourt.eu\/WP\/impressum\/","title":{"rendered":"Impressum"},"content":{"rendered":"\t\t<div data-elementor-type=\"wp-page\" data-elementor-id=\"254\" class=\"elementor elementor-254\" data-elementor-post-type=\"page\">\n\t\t\t\t\t\t<section class=\"elementor-section elementor-top-section elementor-element elementor-element-0274a13 elementor-section-boxed elementor-section-height-default elementor-section-height-default\" data-id=\"0274a13\" data-element_type=\"section\">\n\t\t\t\t\t\t<div class=\"elementor-container elementor-column-gap-default\">\n\t\t\t\t\t<div class=\"elementor-column elementor-col-100 elementor-top-column elementor-element elementor-element-d8171f1\" data-id=\"d8171f1\" data-element_type=\"column\">\n\t\t\t<div class=\"elementor-widget-wrap elementor-element-populated\">\n\t\t\t\t\t\t<div class=\"elementor-element elementor-element-38fd6ab elementor-widget elementor-widget-text-editor\" data-id=\"38fd6ab\" data-element_type=\"widget\" data-widget_type=\"text-editor.default\">\n\t\t\t\t<div class=\"elementor-widget-container\">\n\t\t\t\t\t\t\t\t\t<p><b>Partnerschaftskomitee Beuel-Mirecourt e.V.<\/b><\/p><p>Vorsitzende<br \/>Regina Haunhorst<\/p><p>Rathaus Beuel<br \/>Friedrich-Breuer-Stra\u00dfe 65<br \/>53225 Bonn<\/p><p>Tel. +49-(0)228 &#8211; 774902<\/p><p>Ehrenvorsitzender<br \/>Hans Lennarz<\/p><p><a href=\"mailto:komitee@beuel-mirecourt.eu\">komitee@beuel-mirecourt.eu<\/a><br \/><a href=\"http:\/\/www.beuel-mirecourt.eu\" target=\"_blank\" rel=\"noopener\">www.beuel-mirecourt.eu<\/a><\/p><p>Amtsgericht Bonn: VR Nr. 7830<\/p><p>Bei Fragen, Anregungen oder Kritik schreiben Sie bitte eine Email an <a href=\"mailto:komitee@beuel-mirecourt.eu\">komitee@beuel-mirecourt.eu<\/a>.<\/p><p><strong>Verantwortlich f\u00fcr Layout:<\/strong><\/p><p><a href=\"http:\/\/whitesheep-it.de\/\" target=\"_blank\" rel=\"noopener\">whitesheep-it<\/a><\/p><p><span style=\"font-weight: bolder; font-size: 1rem;\">Social Media:<\/span><\/p><p>Jennifer Haunhorst<br \/>Regina Haunhorst<br \/>Doro Schmitz<\/p><p><strong>Texte:<\/strong><br \/>Regina Haunhorst<\/p><p><strong>Fotos:<\/strong><br \/>Arno Schatz<br \/>Helmut M\u00fcller<br \/>Holger Willcke<br \/>Horst Schmitz<br \/>Jennifer Haunhorst<br \/>Mario Haunhorst<br \/>Max Malsch<br \/>Rainer Krippendorff<br \/>Regina Haunhorst<br \/>Rolf Lindlahr<br \/>Sasha Haunhorst<br \/>Serge Lafleuri\u00e8re<br \/>Thomas Fricke<br \/>Ulla Spekowius<br \/>Ursula Becker<\/p><p>\u00a0<\/p><h1>Haftungsausschluss<\/h1><h2>Haftung<\/h2><p>Die Inhalte dieser Webseite werden mit gr\u00f6\u00dftm\u00f6glicher Sorgfalt erstellt. Dennoch kann das Partnerschaftskomitee e.V. keine Gew\u00e4hr f\u00fcr die bereitgestellten Inhalte die Richtigkeit, Vollst\u00e4ndigkeit und Aktualit\u00e4t \u00fcbernehmen. Die Nutzung der Inhalte der Website erfolgt auf eigene Gefahr des Nutzers. Namentlich gekennzeichnete Beitr\u00e4ge geben die Meinung des jeweiligen Autors und nicht immer die Meinung des Anbieters wieder.<\/p><h2>Externe Links<\/h2><p>Wir bieten auf unserer Homepage Links zu anderen Seiten im Internet an. F\u00fcr alle diese Links gilt:<br \/>&#8222;Das Partnerschaftskomitee e.V. als Herausgeber betont ausdr\u00fccklich, dass es keinerlei Einfluss auf die Gestaltung und die Inhalte der gelinkten Seiten hat. Deshalb distanzieren wir uns hiermit ausdr\u00fccklich von allen Inhalten aller gelinkten Seiten auf der gesamten Homepage inklusive aller Unterseiten. Diese Erkl\u00e4rung gilt f\u00fcr alle auf den Webseiten angebrachten Links und f\u00fcr alle Inhalte der Seiten, zu denen Links oder Banner f\u00fchren.&#8220;<\/p><h2>Urheberrecht<\/h2><p>Die auf dieser Website ver\u00f6ffentlichten Inhalte unterliegen dem deutschen Urheber- und Leistungsschutzrecht. Jede vom deutschen Urheber- und Leistungsschutzrecht nicht zugelassene Verwertung bedarf der vorherigen schriftlichen Zustimmung des Partnerschaftskomitees e.V. oder des jeweiligen Rechte-Inhabers. Dies gilt insbesondere f\u00fcr Vervielf\u00e4ltigung, Bearbeitung, \u00dcbersetzung, Einspeicherung, Verarbeitung bzw. Wiedergabe von Inhalten in Datenbanken oder anderen elektronischen Medien und Systemen. Die unerlaubte Vervielf\u00e4ltigung oder Weitergabe einzelner Inhalte, Bilder oder Texte, oder kompletter Seiten ist nicht gestattet und strafbar. Lediglich die Herstellung von Kopien und Downloads f\u00fcr den pers\u00f6nlichen, privaten und (nicht kommerziellen) Gebrauch ist erlaubt. Die Darstellung dieser Website in fremden Frames ist nur mit schriftlicher Erlaubnis zul\u00e4ssig.<\/p>\t\t\t\t\t\t\t\t<\/div>\n\t\t\t\t<\/div>\n\t\t\t\t\t<\/div>\n\t\t<\/div>\n\t\t\t\t\t<\/div>\n\t\t<\/section>\n\t\t\t\t<\/div>\n\t\t","protected":false},"excerpt":{"rendered":"<p>Partnerschaftskomitee Beuel-Mirecourt e.V. VorsitzendeRegina Haunhorst Rathaus BeuelFriedrich-Breuer-Stra\u00dfe 6553225 Bonn Tel. +49-(0)228 &#8211; 774902 EhrenvorsitzenderHans Lennarz komitee@beuel-mirecourt.euwww.beuel-mirecourt.eu Amtsgericht Bonn: VR Nr. 7830 Bei Fragen, Anregungen oder Kritik schreiben Sie bitte eine Email an komitee@beuel-mirecourt.eu. Verantwortlich f\u00fcr Layout: whitesheep-it Social Media: Jennifer HaunhorstRegina HaunhorstDoro Schmitz Texte:Regina Haunhorst Fotos:Arno SchatzHelmut M\u00fcllerHolger WillckeHorst SchmitzJennifer HaunhorstMario HaunhorstMax MalschRainer KrippendorffRegina HaunhorstRolf [&hellip;]<\/p>\n","protected":false},"author":1,"featured_media":0,"parent":0,"menu_order":0,"comment_status":"closed","ping_status":"closed","template":"","meta":{"footnotes":""},"class_list":["post-254","page","type-page","status-publish","hentry"],"_links":{"self":[{"href":"https:\/\/beuel-mirecourt.eu\/WP\/wp-json\/wp\/v2\/pages\/254","targetHints":{"allow":["GET"]}}],"collection":[{"href":"https:\/\/beuel-mirecourt.eu\/WP\/wp-json\/wp\/v2\/pages"}],"about":[{"href":"https:\/\/beuel-mirecourt.eu\/WP\/wp-json\/wp\/v2\/types\/page"}],"author":[{"embeddable":true,"href":"https:\/\/beuel-mirecourt.eu\/WP\/wp-json\/wp\/v2\/users\/1"}],"replies":[{"embeddable":true,"href":"https:\/\/beuel-mirecourt.eu\/WP\/wp-json\/wp\/v2\/comments?post=254"}],"version-history":[{"count":9,"href":"https:\/\/beuel-mirecourt.eu\/WP\/wp-json\/wp\/v2\/pages\/254\/revisions"}],"predecessor-version":[{"id":1917,"href":"https:\/\/beuel-mirecourt.eu\/WP\/wp-json\/wp\/v2\/pages\/254\/revisions\/1917"}],"wp:attachment":[{"href":"https:\/\/beuel-mirecourt.eu\/WP\/wp-json\/wp\/v2\/media?parent=254"}],"curies":[{"name":"wp","href":"https:\/\/api.w.org\/{rel}","templated":true}]}}